{"id":9,"date":"2016-06-26T16:58:07","date_gmt":"2016-06-26T16:58:07","guid":{"rendered":"http:\/\/webredox.net\/demo\/wp\/lily\/demo1\/?page_id=9"},"modified":"2023-03-28T17:44:21","modified_gmt":"2023-03-28T17:44:21","slug":"bonheur","status":"publish","type":"page","link":"https:\/\/sourcedebonheur.ch\/","title":{"rendered":"Home"},"content":{"rendered":"","protected":false},"excerpt":{"rendered":"","protected":false},"author":1,"featured_media":0,"parent":0,"menu_order":0,"comment_status":"closed","ping_status":"closed","template":"home-page.php","meta":{"footnotes":"","_links_to":"","_links_to_target":""},"class_list":["post-9","page","type-page","status-publish","hentry"],"yoast_head":"<!-- This site is optimized with the Yoast SEO plugin v25.6 - https:\/\/yoast.com\/wordpress\/plugins\/seo\/ -->\n<title>Bonheur<\/title>\n<meta name=\"description\" content=\"Unser gem\u00fctliches Lokal in der Zofinger Altstadt bietet Ihnen eine kleine und feine Getr\u00e4nkekarte. F\u00fcr den kleinen Hunger servieren wir Ihnen von Woche zu Woche unterschiedliche H\u00e4ppchen. Mit vielf\u00e4ltigen Events rund ums Jahr wollen wir die Altstadt f\u00fcr Jung und Alt beleben. Wir freuen uns auf Ihren Besuch.\" \/>\n<meta name=\"robots\" content=\"index, follow, max-snippet:-1, max-image-preview:large, max-video-preview:-1\" \/>\n<link rel=\"canonical\" href=\"https:\/\/sourcedebonheur.ch\/\" \/>\n<meta property=\"og:locale\" content=\"de_DE\" \/>\n<meta property=\"og:type\" content=\"article\" \/>\n<meta property=\"og:title\" content=\"Bonheur\" \/>\n<meta property=\"og:description\" content=\"Unser gem\u00fctliches Lokal in der Zofinger Altstadt bietet Ihnen eine kleine und feine Getr\u00e4nkekarte. F\u00fcr den kleinen Hunger servieren wir Ihnen von Woche zu Woche unterschiedliche H\u00e4ppchen. Mit vielf\u00e4ltigen Events rund ums Jahr wollen wir die Altstadt f\u00fcr Jung und Alt beleben. Wir freuen uns auf Ihren Besuch.\" \/>\n<meta property=\"og:url\" content=\"https:\/\/sourcedebonheur.ch\/\" \/>\n<meta property=\"og:site_name\" content=\"Source de Bonheur GmbH\" \/>\n<meta property=\"article:modified_time\" content=\"2023-03-28T17:44:21+00:00\" \/>\n<meta name=\"twitter:card\" content=\"summary_large_image\" \/>\n<script type=\"application\/ld+json\" class=\"yoast-schema-graph\">{\"@context\":\"https:\/\/schema.org\",\"@graph\":[{\"@type\":\"WebPage\",\"@id\":\"https:\/\/sourcedebonheur.ch\/\",\"url\":\"https:\/\/sourcedebonheur.ch\/\",\"name\":\"Bonheur\",\"isPartOf\":{\"@id\":\"https:\/\/sourcedebonheur.ch\/#website\"},\"datePublished\":\"2016-06-26T16:58:07+00:00\",\"dateModified\":\"2023-03-28T17:44:21+00:00\",\"description\":\"Unser gem\u00fctliches Lokal in der Zofinger Altstadt bietet Ihnen eine kleine und feine Getr\u00e4nkekarte. F\u00fcr den kleinen Hunger servieren wir Ihnen von Woche zu Woche unterschiedliche H\u00e4ppchen. Mit vielf\u00e4ltigen Events rund ums Jahr wollen wir die Altstadt f\u00fcr Jung und Alt beleben. Wir freuen uns auf Ihren Besuch.\",\"breadcrumb\":{\"@id\":\"https:\/\/sourcedebonheur.ch\/#breadcrumb\"},\"inLanguage\":\"de\",\"potentialAction\":[{\"@type\":\"ReadAction\",\"target\":[\"https:\/\/sourcedebonheur.ch\/\"]}]},{\"@type\":\"BreadcrumbList\",\"@id\":\"https:\/\/sourcedebonheur.ch\/#breadcrumb\",\"itemListElement\":[{\"@type\":\"ListItem\",\"position\":1,\"name\":\"Startseite\",\"item\":\"https:\/\/sourcedebonheur.ch\/\"},{\"@type\":\"ListItem\",\"position\":2,\"name\":\"Home\"}]},{\"@type\":\"WebSite\",\"@id\":\"https:\/\/sourcedebonheur.ch\/#website\",\"url\":\"https:\/\/sourcedebonheur.ch\/\",\"name\":\"Source de Bonheur GmbH\",\"description\":\"Kleine Kaffee- &amp; Ap\u00e9robar\",\"publisher\":{\"@id\":\"https:\/\/sourcedebonheur.ch\/#organization\"},\"potentialAction\":[{\"@type\":\"SearchAction\",\"target\":{\"@type\":\"EntryPoint\",\"urlTemplate\":\"https:\/\/sourcedebonheur.ch\/?s={search_term_string}\"},\"query-input\":{\"@type\":\"PropertyValueSpecification\",\"valueRequired\":true,\"valueName\":\"search_term_string\"}}],\"inLanguage\":\"de\"},{\"@type\":\"Organization\",\"@id\":\"https:\/\/sourcedebonheur.ch\/#organization\",\"name\":\"Source de Bonheur GmbH\",\"url\":\"https:\/\/sourcedebonheur.ch\/\",\"logo\":{\"@type\":\"ImageObject\",\"inLanguage\":\"de\",\"@id\":\"https:\/\/sourcedebonheur.ch\/#\/schema\/logo\/image\/\",\"url\":\"https:\/\/sourcedebonheur.ch\/wp-content\/uploads\/2023\/01\/Bonheur-Dunkel.png\",\"contentUrl\":\"https:\/\/sourcedebonheur.ch\/wp-content\/uploads\/2023\/01\/Bonheur-Dunkel.png\",\"width\":2120,\"height\":2305,\"caption\":\"Source de Bonheur GmbH\"},\"image\":{\"@id\":\"https:\/\/sourcedebonheur.ch\/#\/schema\/logo\/image\/\"},\"sameAs\":[\"https:\/\/www.instagram.com\/s.d.bonheur\/\"]}]}<\/script>\n<!-- \/ Yoast SEO plugin. -->","yoast_head_json":{"title":"Bonheur","description":"Unser gem\u00fctliches Lokal in der Zofinger Altstadt bietet Ihnen eine kleine und feine Getr\u00e4nkekarte. F\u00fcr den kleinen Hunger servieren wir Ihnen von Woche zu Woche unterschiedliche H\u00e4ppchen. Mit vielf\u00e4ltigen Events rund ums Jahr wollen wir die Altstadt f\u00fcr Jung und Alt beleben. Wir freuen uns auf Ihren Besuch.","robots":{"index":"index","follow":"follow","max-snippet":"max-snippet:-1","max-image-preview":"max-image-preview:large","max-video-preview":"max-video-preview:-1"},"canonical":"https:\/\/sourcedebonheur.ch\/","og_locale":"de_DE","og_type":"article","og_title":"Bonheur","og_description":"Unser gem\u00fctliches Lokal in der Zofinger Altstadt bietet Ihnen eine kleine und feine Getr\u00e4nkekarte. F\u00fcr den kleinen Hunger servieren wir Ihnen von Woche zu Woche unterschiedliche H\u00e4ppchen. Mit vielf\u00e4ltigen Events rund ums Jahr wollen wir die Altstadt f\u00fcr Jung und Alt beleben. Wir freuen uns auf Ihren Besuch.","og_url":"https:\/\/sourcedebonheur.ch\/","og_site_name":"Source de Bonheur GmbH","article_modified_time":"2023-03-28T17:44:21+00:00","twitter_card":"summary_large_image","schema":{"@context":"https:\/\/schema.org","@graph":[{"@type":"WebPage","@id":"https:\/\/sourcedebonheur.ch\/","url":"https:\/\/sourcedebonheur.ch\/","name":"Bonheur","isPartOf":{"@id":"https:\/\/sourcedebonheur.ch\/#website"},"datePublished":"2016-06-26T16:58:07+00:00","dateModified":"2023-03-28T17:44:21+00:00","description":"Unser gem\u00fctliches Lokal in der Zofinger Altstadt bietet Ihnen eine kleine und feine Getr\u00e4nkekarte. F\u00fcr den kleinen Hunger servieren wir Ihnen von Woche zu Woche unterschiedliche H\u00e4ppchen. Mit vielf\u00e4ltigen Events rund ums Jahr wollen wir die Altstadt f\u00fcr Jung und Alt beleben. Wir freuen uns auf Ihren Besuch.","breadcrumb":{"@id":"https:\/\/sourcedebonheur.ch\/#breadcrumb"},"inLanguage":"de","potentialAction":[{"@type":"ReadAction","target":["https:\/\/sourcedebonheur.ch\/"]}]},{"@type":"BreadcrumbList","@id":"https:\/\/sourcedebonheur.ch\/#breadcrumb","itemListElement":[{"@type":"ListItem","position":1,"name":"Startseite","item":"https:\/\/sourcedebonheur.ch\/"},{"@type":"ListItem","position":2,"name":"Home"}]},{"@type":"WebSite","@id":"https:\/\/sourcedebonheur.ch\/#website","url":"https:\/\/sourcedebonheur.ch\/","name":"Source de Bonheur GmbH","description":"Kleine Kaffee- &amp; Ap\u00e9robar","publisher":{"@id":"https:\/\/sourcedebonheur.ch\/#organization"},"potentialAction":[{"@type":"SearchAction","target":{"@type":"EntryPoint","urlTemplate":"https:\/\/sourcedebonheur.ch\/?s={search_term_string}"},"query-input":{"@type":"PropertyValueSpecification","valueRequired":true,"valueName":"search_term_string"}}],"inLanguage":"de"},{"@type":"Organization","@id":"https:\/\/sourcedebonheur.ch\/#organization","name":"Source de Bonheur GmbH","url":"https:\/\/sourcedebonheur.ch\/","logo":{"@type":"ImageObject","inLanguage":"de","@id":"https:\/\/sourcedebonheur.ch\/#\/schema\/logo\/image\/","url":"https:\/\/sourcedebonheur.ch\/wp-content\/uploads\/2023\/01\/Bonheur-Dunkel.png","contentUrl":"https:\/\/sourcedebonheur.ch\/wp-content\/uploads\/2023\/01\/Bonheur-Dunkel.png","width":2120,"height":2305,"caption":"Source de Bonheur GmbH"},"image":{"@id":"https:\/\/sourcedebonheur.ch\/#\/schema\/logo\/image\/"},"sameAs":["https:\/\/www.instagram.com\/s.d.bonheur\/"]}]}},"_links":{"self":[{"href":"https:\/\/sourcedebonheur.ch\/index.php?rest_route=\/wp\/v2\/pages\/9"}],"collection":[{"href":"https:\/\/sourcedebonheur.ch\/index.php?rest_route=\/wp\/v2\/pages"}],"about":[{"href":"https:\/\/sourcedebonheur.ch\/index.php?rest_route=\/wp\/v2\/types\/page"}],"author":[{"embeddable":true,"href":"https:\/\/sourcedebonheur.ch\/index.php?rest_route=\/wp\/v2\/users\/1"}],"replies":[{"embeddable":true,"href":"https:\/\/sourcedebonheur.ch\/index.php?rest_route=%2Fwp%2Fv2%2Fcomments&post=9"}],"version-history":[{"count":1,"href":"https:\/\/sourcedebonheur.ch\/index.php?rest_route=\/wp\/v2\/pages\/9\/revisions"}],"predecessor-version":[{"id":1642,"href":"https:\/\/sourcedebonheur.ch\/index.php?rest_route=\/wp\/v2\/pages\/9\/revisions\/1642"}],"wp:attachment":[{"href":"https:\/\/sourcedebonheur.ch\/index.php?rest_route=%2Fwp%2Fv2%2Fmedia&parent=9"}],"curies":[{"name":"wp","href":"https:\/\/api.w.org\/{rel}","templated":true}]}}