{"id":2,"date":"2016-08-31T00:30:05","date_gmt":"2016-08-31T00:30:05","guid":{"rendered":"http:\/\/webredox.net\/demo\/wp\/lily\/demo3\/?page_id=2"},"modified":"2023-03-28T17:26:22","modified_gmt":"2023-03-28T17:26:22","slug":"sample-page","status":"publish","type":"page","link":"https:\/\/sourcedebonheur.ch\/?page_id=2","title":{"rendered":"Impressum"},"content":{"rendered":"<p><b>Source de Bonheur GmbH<\/b><br \/>\nVordere Hauptgasse 11<br \/>\n4800 Zofingen<br \/>\nSchweiz<\/p>\n<p><b>E-Mail:<\/b> <a class=\"ms-outlook-linkify\" href=\"mailto:info@sourcedebonheur.ch\">info@sourcedebonheur.ch<\/a><br \/>\n<b>Internet:<\/b> <a class=\"ms-outlook-linkify\" href=\"https:\/\/sourcedebonheur.ch\">https:\/\/sourcedebonheur.ch<\/a><\/p>\n<p><b>Vertretungsberechtigte Personen:<\/b><br \/>\nGesch\u00e4ftsf\u00fchrer: Thomas W\u00e4lti<br \/>\nGesch\u00e4ftsf\u00fchrer: Fabian Capezzuto<\/p>\n<p><b>MWST:<\/b> CHE-485.089.335<\/p>\n<p><strong>Haftungsausschluss<br \/>\n<\/strong>Der Autor \u00fcbernimmt keinerlei Gew\u00e4hr hinsichtlich der inhaltlichen Richtigkeit, Genauigkeit, Aktualit\u00e4t, Zuverl\u00e4ssigkeit und Vollst\u00e4ndigkeit der Informationen.<\/p>\n<p>Haftungsanspr\u00fcche gegen den Autor wegen Sch\u00e4den materieller oder immaterieller Art, welche aus dem Zugriff oder der Nutzung bzw. Nichtnutzung der ver\u00f6ffentlichten Informationen, durch Missbrauch der Verbindung oder durch technische St\u00f6rungen entstanden sind, werden ausgeschlossen.<\/p>\n<p>Alle Angebote sind unverbindlich. Der Autor beh\u00e4lt es sich ausdr\u00fccklich vor, Teile der Seiten oder das gesamte Angebot ohne besondere Ank\u00fcndigung zu ver\u00e4ndern, zu erg\u00e4nzen, zu l\u00f6schen oder die Ver\u00f6ffentlichung zeitweise oder endg\u00fcltig einzustellen.<\/p>\n<p><strong>Haftungsausschluss f\u00fcr Links<br \/>\n<\/strong>Verweise und Links auf Webseiten Dritter liegen ausserhalb unseres Verantwortungsbereichs. Es wird jegliche Verantwortung f\u00fcr solche Webseiten abgelehnt. Der Zugriff und die Nutzung solcher Webseiten erfolgen auf eigene Gefahr des jeweiligen Nutzers.<\/p>\n<p><strong>Urheberrechte<br \/>\n<\/strong>Die Urheber- und alle anderen Rechte an Inhalten, Bildern, Fotos oder anderen Dateien auf dieser Website, geh\u00f6ren ausschliesslich\u00a0<strong>der Firma Source de Bonheur AG<\/strong>\u00a0oder den speziell genannten Rechteinhabern. F\u00fcr die Reproduktion jeglicher Elemente ist die schriftliche Zustimmung des Urheberrechtstr\u00e4gers im Voraus einzuholen.<\/p>\n<p>Quelle:\u00a0<a href=\"https:\/\/www.swissanwalt.ch\/\" target=\"_blank\" rel=\"noopener\">SwissAnwalt<\/a><\/p>\n","protected":false},"excerpt":{"rendered":"<p>Source de Bonheur GmbH Vordere Hauptgasse 11 4800 Zofingen Schweiz E-Mail: info@sourcedebonheur.ch Internet: https:\/\/sourcedebonheur.ch Vertretungsberechtigte Personen: Gesch\u00e4ftsf\u00fchrer: Thomas W\u00e4lti Gesch\u00e4ftsf\u00fchrer: Fabian Capezzuto MWST: CHE-485.089.335 Haftungsausschluss Der Autor \u00fcbernimmt keinerlei Gew\u00e4hr hinsichtlich der inhaltlichen Richtigkeit, Genauigkeit, Aktualit\u00e4t, Zuverl\u00e4ssigkeit und Vollst\u00e4ndigkeit der Informationen. Haftungsanspr\u00fcche gegen den Autor wegen Sch\u00e4den materieller oder immaterieller Art, welche aus dem Zugriff [&hellip;]<\/p>\n","protected":false},"author":1,"featured_media":0,"parent":0,"menu_order":0,"comment_status":"closed","ping_status":"closed","template":"","meta":{"footnotes":"","_links_to":"","_links_to_target":""},"class_list":["post-2","page","type-page","status-publish","hentry"],"yoast_head":"<!-- This site is optimized with the Yoast SEO plugin v25.6 - https:\/\/yoast.com\/wordpress\/plugins\/seo\/ -->\n<title>Impressum - Source de Bonheur GmbH<\/title>\n<meta name=\"robots\" content=\"index, follow, max-snippet:-1, max-image-preview:large, max-video-preview:-1\" \/>\n<link rel=\"canonical\" href=\"https:\/\/sourcedebonheur.ch\/?page_id=2\" \/>\n<meta property=\"og:locale\" content=\"de_DE\" \/>\n<meta property=\"og:type\" content=\"article\" \/>\n<meta property=\"og:title\" content=\"Impressum - Source de Bonheur GmbH\" \/>\n<meta property=\"og:description\" content=\"Source de Bonheur GmbH Vordere Hauptgasse 11 4800 Zofingen Schweiz E-Mail: info@sourcedebonheur.ch Internet: https:\/\/sourcedebonheur.ch Vertretungsberechtigte Personen: Gesch\u00e4ftsf\u00fchrer: Thomas W\u00e4lti Gesch\u00e4ftsf\u00fchrer: Fabian Capezzuto MWST: CHE-485.089.335 Haftungsausschluss Der Autor \u00fcbernimmt keinerlei Gew\u00e4hr hinsichtlich der inhaltlichen Richtigkeit, Genauigkeit, Aktualit\u00e4t, Zuverl\u00e4ssigkeit und Vollst\u00e4ndigkeit der Informationen. Haftungsanspr\u00fcche gegen den Autor wegen Sch\u00e4den materieller oder immaterieller Art, welche aus dem Zugriff [&hellip;]\" \/>\n<meta property=\"og:url\" content=\"https:\/\/sourcedebonheur.ch\/?page_id=2\" \/>\n<meta property=\"og:site_name\" content=\"Source de Bonheur GmbH\" \/>\n<meta property=\"article:modified_time\" content=\"2023-03-28T17:26:22+00:00\" \/>\n<meta name=\"twitter:card\" content=\"summary_large_image\" \/>\n<meta name=\"twitter:label1\" content=\"Gesch\u00e4tzte Lesezeit\" \/>\n\t<meta name=\"twitter:data1\" content=\"2\u00a0Minuten\" \/>\n<script type=\"application\/ld+json\" class=\"yoast-schema-graph\">{\"@context\":\"https:\/\/schema.org\",\"@graph\":[{\"@type\":\"WebPage\",\"@id\":\"https:\/\/sourcedebonheur.ch\/?page_id=2\",\"url\":\"https:\/\/sourcedebonheur.ch\/?page_id=2\",\"name\":\"Impressum - Source de Bonheur GmbH\",\"isPartOf\":{\"@id\":\"https:\/\/sourcedebonheur.ch\/#website\"},\"datePublished\":\"2016-08-31T00:30:05+00:00\",\"dateModified\":\"2023-03-28T17:26:22+00:00\",\"breadcrumb\":{\"@id\":\"https:\/\/sourcedebonheur.ch\/?page_id=2#breadcrumb\"},\"inLanguage\":\"de\",\"potentialAction\":[{\"@type\":\"ReadAction\",\"target\":[\"https:\/\/sourcedebonheur.ch\/?page_id=2\"]}]},{\"@type\":\"BreadcrumbList\",\"@id\":\"https:\/\/sourcedebonheur.ch\/?page_id=2#breadcrumb\",\"itemListElement\":[{\"@type\":\"ListItem\",\"position\":1,\"name\":\"Startseite\",\"item\":\"https:\/\/sourcedebonheur.ch\/\"},{\"@type\":\"ListItem\",\"position\":2,\"name\":\"Impressum\"}]},{\"@type\":\"WebSite\",\"@id\":\"https:\/\/sourcedebonheur.ch\/#website\",\"url\":\"https:\/\/sourcedebonheur.ch\/\",\"name\":\"Source de Bonheur GmbH\",\"description\":\"Kleine Kaffee- &amp; Ap\u00e9robar\",\"publisher\":{\"@id\":\"https:\/\/sourcedebonheur.ch\/#organization\"},\"potentialAction\":[{\"@type\":\"SearchAction\",\"target\":{\"@type\":\"EntryPoint\",\"urlTemplate\":\"https:\/\/sourcedebonheur.ch\/?s={search_term_string}\"},\"query-input\":{\"@type\":\"PropertyValueSpecification\",\"valueRequired\":true,\"valueName\":\"search_term_string\"}}],\"inLanguage\":\"de\"},{\"@type\":\"Organization\",\"@id\":\"https:\/\/sourcedebonheur.ch\/#organization\",\"name\":\"Source de Bonheur GmbH\",\"url\":\"https:\/\/sourcedebonheur.ch\/\",\"logo\":{\"@type\":\"ImageObject\",\"inLanguage\":\"de\",\"@id\":\"https:\/\/sourcedebonheur.ch\/#\/schema\/logo\/image\/\",\"url\":\"https:\/\/sourcedebonheur.ch\/wp-content\/uploads\/2023\/01\/Bonheur-Dunkel.png\",\"contentUrl\":\"https:\/\/sourcedebonheur.ch\/wp-content\/uploads\/2023\/01\/Bonheur-Dunkel.png\",\"width\":2120,\"height\":2305,\"caption\":\"Source de Bonheur GmbH\"},\"image\":{\"@id\":\"https:\/\/sourcedebonheur.ch\/#\/schema\/logo\/image\/\"},\"sameAs\":[\"https:\/\/www.instagram.com\/s.d.bonheur\/\"]}]}<\/script>\n<!-- \/ Yoast SEO plugin. -->","yoast_head_json":{"title":"Impressum - Source de Bonheur GmbH","robots":{"index":"index","follow":"follow","max-snippet":"max-snippet:-1","max-image-preview":"max-image-preview:large","max-video-preview":"max-video-preview:-1"},"canonical":"https:\/\/sourcedebonheur.ch\/?page_id=2","og_locale":"de_DE","og_type":"article","og_title":"Impressum - Source de Bonheur GmbH","og_description":"Source de Bonheur GmbH Vordere Hauptgasse 11 4800 Zofingen Schweiz E-Mail: info@sourcedebonheur.ch Internet: https:\/\/sourcedebonheur.ch Vertretungsberechtigte Personen: Gesch\u00e4ftsf\u00fchrer: Thomas W\u00e4lti Gesch\u00e4ftsf\u00fchrer: Fabian Capezzuto MWST: CHE-485.089.335 Haftungsausschluss Der Autor \u00fcbernimmt keinerlei Gew\u00e4hr hinsichtlich der inhaltlichen Richtigkeit, Genauigkeit, Aktualit\u00e4t, Zuverl\u00e4ssigkeit und Vollst\u00e4ndigkeit der Informationen. Haftungsanspr\u00fcche gegen den Autor wegen Sch\u00e4den materieller oder immaterieller Art, welche aus dem Zugriff [&hellip;]","og_url":"https:\/\/sourcedebonheur.ch\/?page_id=2","og_site_name":"Source de Bonheur GmbH","article_modified_time":"2023-03-28T17:26:22+00:00","twitter_card":"summary_large_image","twitter_misc":{"Gesch\u00e4tzte Lesezeit":"2\u00a0Minuten"},"schema":{"@context":"https:\/\/schema.org","@graph":[{"@type":"WebPage","@id":"https:\/\/sourcedebonheur.ch\/?page_id=2","url":"https:\/\/sourcedebonheur.ch\/?page_id=2","name":"Impressum - Source de Bonheur GmbH","isPartOf":{"@id":"https:\/\/sourcedebonheur.ch\/#website"},"datePublished":"2016-08-31T00:30:05+00:00","dateModified":"2023-03-28T17:26:22+00:00","breadcrumb":{"@id":"https:\/\/sourcedebonheur.ch\/?page_id=2#breadcrumb"},"inLanguage":"de","potentialAction":[{"@type":"ReadAction","target":["https:\/\/sourcedebonheur.ch\/?page_id=2"]}]},{"@type":"BreadcrumbList","@id":"https:\/\/sourcedebonheur.ch\/?page_id=2#breadcrumb","itemListElement":[{"@type":"ListItem","position":1,"name":"Startseite","item":"https:\/\/sourcedebonheur.ch\/"},{"@type":"ListItem","position":2,"name":"Impressum"}]},{"@type":"WebSite","@id":"https:\/\/sourcedebonheur.ch\/#website","url":"https:\/\/sourcedebonheur.ch\/","name":"Source de Bonheur GmbH","description":"Kleine Kaffee- &amp; Ap\u00e9robar","publisher":{"@id":"https:\/\/sourcedebonheur.ch\/#organization"},"potentialAction":[{"@type":"SearchAction","target":{"@type":"EntryPoint","urlTemplate":"https:\/\/sourcedebonheur.ch\/?s={search_term_string}"},"query-input":{"@type":"PropertyValueSpecification","valueRequired":true,"valueName":"search_term_string"}}],"inLanguage":"de"},{"@type":"Organization","@id":"https:\/\/sourcedebonheur.ch\/#organization","name":"Source de Bonheur GmbH","url":"https:\/\/sourcedebonheur.ch\/","logo":{"@type":"ImageObject","inLanguage":"de","@id":"https:\/\/sourcedebonheur.ch\/#\/schema\/logo\/image\/","url":"https:\/\/sourcedebonheur.ch\/wp-content\/uploads\/2023\/01\/Bonheur-Dunkel.png","contentUrl":"https:\/\/sourcedebonheur.ch\/wp-content\/uploads\/2023\/01\/Bonheur-Dunkel.png","width":2120,"height":2305,"caption":"Source de Bonheur GmbH"},"image":{"@id":"https:\/\/sourcedebonheur.ch\/#\/schema\/logo\/image\/"},"sameAs":["https:\/\/www.instagram.com\/s.d.bonheur\/"]}]}},"_links":{"self":[{"href":"https:\/\/sourcedebonheur.ch\/index.php?rest_route=\/wp\/v2\/pages\/2"}],"collection":[{"href":"https:\/\/sourcedebonheur.ch\/index.php?rest_route=\/wp\/v2\/pages"}],"about":[{"href":"https:\/\/sourcedebonheur.ch\/index.php?rest_route=\/wp\/v2\/types\/page"}],"author":[{"embeddable":true,"href":"https:\/\/sourcedebonheur.ch\/index.php?rest_route=\/wp\/v2\/users\/1"}],"replies":[{"embeddable":true,"href":"https:\/\/sourcedebonheur.ch\/index.php?rest_route=%2Fwp%2Fv2%2Fcomments&post=2"}],"version-history":[{"count":4,"href":"https:\/\/sourcedebonheur.ch\/index.php?rest_route=\/wp\/v2\/pages\/2\/revisions"}],"predecessor-version":[{"id":1630,"href":"https:\/\/sourcedebonheur.ch\/index.php?rest_route=\/wp\/v2\/pages\/2\/revisions\/1630"}],"wp:attachment":[{"href":"https:\/\/sourcedebonheur.ch\/index.php?rest_route=%2Fwp%2Fv2%2Fmedia&parent=2"}],"curies":[{"name":"wp","href":"https:\/\/api.w.org\/{rel}","templated":true}]}}